{"id":460,"date":"2009-03-19T17:58:54","date_gmt":"2009-03-19T16:58:54","guid":{"rendered":"http:\/\/sateon.de\/aqualand\/?page_id=460"},"modified":"2019-11-10T16:08:07","modified_gmt":"2019-11-10T15:08:07","slug":"links","status":"publish","type":"page","link":"https:\/\/sateon.de\/aqualand\/?page_id=460","title":{"rendered":"Links"},"content":{"rendered":"<p><script src=\"scrolltopcontrol.js\" type=\"text\/javascript\"><!--\n\/***********************************************\n* Scroll To Top Control script- \u00a9 Dynamic Drive DHTML code library (www.dynamicdrive.com)\n* This notice MUST stay intact for legal use\n* Visit Project Page at https:\/\/www.dynamicdrive.com for full source code\n***********************************************\/\n\/\/ --><\/script><\/p>\n<h2><span style=\"color: #aeb9cc;\"><strong>Links<\/strong><\/span><\/h2>\n<p>Hier sind ein paar Webseiten aufgelistet deren Inhalt ich aus den verschiedensten Gr\u00fcnden interessant finde und die ich euch nicht vorenthalten m\u00f6chte.<br \/>\nIch habe versucht sie Themen bezogen zu sortieren. Also dann viel Spass beim surfen&#8230;.<\/p>\n<ul>\n<li>\n<h4><span style=\"color: #bc6247;\"><strong>Americas Army<\/strong><\/span><\/h4>\n<\/li>\n<\/ul>\n<p>Americas Army AAO3 official Homepage<br \/>\n<a href=\"https:\/\/anonym.es\/?https:\/\/www.aa3.americasarmy.com\/\" target=\"_blank\" rel=\"noopener noreferrer\"><img loading=\"lazy\" decoding=\"async\" class=\"aligncenter size-full wp-image-466\" title=\"Banner AAO3\" src=\"https:\/\/sateon.de\/aqualand\/wp-content\/uploads\/2009\/03\/banner_aao.png\" alt=\"\" width=\"468\" height=\"60\" srcset=\"https:\/\/sateon.de\/aqualand\/wp-content\/uploads\/2009\/03\/banner_aao.png 468w, https:\/\/sateon.de\/aqualand\/wp-content\/uploads\/2009\/03\/banner_aao-200x25.png 200w\" sizes=\"auto, (max-width: 468px) 100vw, 468px\" \/><\/a><\/p>\n<p>Der Tracker ( erst interessant nach Anlegen eines Spieler Accounts )<br \/>\n<a href=\"https:\/\/anonym.es\/?https:\/\/battletracker.com\/\" target=\"_blank\" rel=\"noopener noreferrer\"><img loading=\"lazy\" decoding=\"async\" class=\"aligncenter size-full wp-image-493\" title=\"Banner Battletracker\" src=\"https:\/\/sateon.de\/aqualand\/wp-content\/uploads\/2009\/03\/banner_tracker.jpg\" alt=\"\" width=\"468\" height=\"60\"><\/a><\/p>\n<p>Die S@ndfriends, ein AAO Clan der im Sand zuhause ist!<br \/>\n<a href=\"https:\/\/anonym.es\/?https:\/\/sandfriends.de\/index.php\" target=\"_blank\" rel=\"noopener noreferrer\"><img loading=\"lazy\" decoding=\"async\" class=\"aligncenter size-full wp-image-495\" title=\"Banner S@ndfriends\" src=\"https:\/\/sateon.de\/aqualand\/wp-content\/uploads\/2009\/03\/sandfriendsrbanner.png\" alt=\"\" width=\"468\" height=\"60\" srcset=\"https:\/\/sateon.de\/aqualand\/wp-content\/uploads\/2009\/03\/sandfriendsrbanner.png 468w, https:\/\/sateon.de\/aqualand\/wp-content\/uploads\/2009\/03\/sandfriendsrbanner-200x25.png 200w\" sizes=\"auto, (max-width: 468px) 100vw, 468px\" \/><\/a><\/p>\n<p>Teamspeak Viewer<br \/>\n<a href=\"https:\/\/anonym.es\/?https:\/\/www.tsviewer.com\/index.php?page=ts_viewer&amp;ID=66452\" target=\"_blank\" rel=\"noopener noreferrer\"><img decoding=\"async\" title=\"S@ndfriends TeamSpeak Viewer\" src=\"https:\/\/www.tsviewer.com\/promotion\/dynamic_sig\/sig.php\/clan468x60_aa\/66452.png\" alt=\"S@ndfriends TeamSpeak Viewer\" border=\"0\"><\/a><\/p>\n<ul>\n<li>\n<h4><span style=\"color: #bc6247;\"><strong>f\u00fcr Hundefreunde&#8230;<\/strong><\/span><\/h4>\n<\/li>\n<\/ul>\n<p>Zooplus (Schnell, G\u00fcnstig, kompetent, freundlich &#8211; einfach empfehlenswert !!)<br \/>\nIch beziehe dort alles an Tiernahrung was ich und meine Bekannten ben\u00f6tigen,<br \/>\nund wurde nie entt\u00e4uscht. Ab 25\u20ac Bestellwert, Portofreie Lieferung per GLS<br \/>\n<a href=\"https:\/\/anonym.es\/?https:\/\/www.zooplus.de\/partner\/hundeshop\/27682\" target=\"_blank\" rel=\"noopener noreferrer\"><img loading=\"lazy\" decoding=\"async\" class=\"aligncenter size-full wp-image-501\" style=\"display: none !important;\" title=\"Banner Zooplus\" src=\"https:\/\/partner.zooplus.de\/partner\/material\/zap32982\" alt=\"\" width=\"468\" hidden=\"\" height=\"60\"><\/a><\/p>\n<p>Tasso Transponder Online Abfrage<br \/>\n<a href=\"https:\/\/anonym.es\/?https:\/\/www.tasso.net\/online-abfrage.aspx\" target=\"_blank\" rel=\"noopener noreferrer\"><img loading=\"lazy\" decoding=\"async\" class=\"aligncenter size-full wp-image-502\" title=\"Banner Tasso\" src=\"https:\/\/sateon.de\/aqualand\/wp-content\/uploads\/2009\/03\/banner_tasso.png\" alt=\"\" width=\"468\" height=\"60\" srcset=\"https:\/\/sateon.de\/aqualand\/wp-content\/uploads\/2009\/03\/banner_tasso.png 468w, https:\/\/sateon.de\/aqualand\/wp-content\/uploads\/2009\/03\/banner_tasso-200x25.png 200w\" sizes=\"auto, (max-width: 468px) 100vw, 468px\" \/><\/a><\/p>\n<p>Nicht ganz ernst gemeint aber riesig Lustig !!<br \/>\n<a href=\"https:\/\/anonym.es\/?http:\/\/www.kohlenpottkleffer.de\/\" target=\"_blank\" rel=\"noopener noreferrer\"><img loading=\"lazy\" decoding=\"async\" class=\"aligncenter size-full wp-image-503\" title=\"Banner Kohlenpott Kleffer\" src=\"https:\/\/sateon.de\/aqualand\/wp-content\/uploads\/2009\/03\/banner_kohlenpott.png\" alt=\"\" width=\"468\" height=\"60\" srcset=\"https:\/\/sateon.de\/aqualand\/wp-content\/uploads\/2009\/03\/banner_kohlenpott.png 468w, https:\/\/sateon.de\/aqualand\/wp-content\/uploads\/2009\/03\/banner_kohlenpott-200x25.png 200w\" sizes=\"auto, (max-width: 468px) 100vw, 468px\" \/><\/a><\/p>\n<p>Wer einen Namen hat aber keine Ahnung wie die Rasse aussieht oder umgekehrt<a href=\"https:\/\/anonym.es\/?http:\/\/www.ralfs-hundelexikon.de\" target=\"_blank\" rel=\"noopener noreferrer\"><img loading=\"lazy\" decoding=\"async\" class=\"aligncenter size-full wp-image-508\" title=\"Banner Hundelexikon\" src=\"https:\/\/sateon.de\/aqualand\/wp-content\/uploads\/2009\/03\/banner_hundelexikon.png\" alt=\"\" width=\"468\" height=\"60\" srcset=\"https:\/\/sateon.de\/aqualand\/wp-content\/uploads\/2009\/03\/banner_hundelexikon.png 468w, https:\/\/sateon.de\/aqualand\/wp-content\/uploads\/2009\/03\/banner_hundelexikon-200x25.png 200w\" sizes=\"auto, (max-width: 468px) 100vw, 468px\" \/><\/a><\/p>\n<p>Retriever Forum<br \/>\n<a href=\"https:\/\/anonym.es\/?http:\/\/www.forum.labrador-in-not.de\"><img loading=\"lazy\" decoding=\"async\" class=\"aligncenter size-full wp-image-512\" title=\"Banner Retriever Forum\" src=\"https:\/\/sateon.de\/aqualand\/wp-content\/uploads\/2009\/03\/banner_retriever_forum.png\" alt=\"Banner Retriever Forum\" width=\"468\" height=\"60\" srcset=\"https:\/\/sateon.de\/aqualand\/wp-content\/uploads\/2009\/03\/banner_retriever_forum.png 468w, https:\/\/sateon.de\/aqualand\/wp-content\/uploads\/2009\/03\/banner_retriever_forum-200x25.png 200w\" sizes=\"auto, (max-width: 468px) 100vw, 468px\" \/><\/a><\/p>\n<p>Hundek\u00f6rbchen aus Leder mit Latex gef\u00fcllten Matratzen &#8211; unsere Kleine f\u00fchlt sich<br \/>\nsuper wohl in dem K\u00f6rbchen<br \/>\n<a href=\"https:\/\/anonym.es\/?http:\/\/www.4pfotenparadies.de\" target=\"_blank\" rel=\"noopener noreferrer\"><img loading=\"lazy\" decoding=\"async\" class=\"aligncenter size-full wp-image-515\" title=\"Banner 4 Pfotenparadies\" src=\"https:\/\/sateon.de\/aqualand\/wp-content\/uploads\/2009\/03\/banner_4_pfotenparadies.png\" alt=\"\" width=\"468\" height=\"60\" srcset=\"https:\/\/sateon.de\/aqualand\/wp-content\/uploads\/2009\/03\/banner_4_pfotenparadies.png 468w, https:\/\/sateon.de\/aqualand\/wp-content\/uploads\/2009\/03\/banner_4_pfotenparadies-200x25.png 200w\" sizes=\"auto, (max-width: 468px) 100vw, 468px\" \/><\/a><\/p>\n<p>Training zum Sachkundenachweis<br \/>\n<a href=\"https:\/\/anonym.es\/?http:\/\/www.web-based-teaching.de\/ben\/\" target=\"_blank\" rel=\"noopener noreferrer\"><img loading=\"lazy\" decoding=\"async\" class=\"aligncenter size-full wp-image-516\" title=\"Banner Sachkundenachweis\" src=\"https:\/\/sateon.de\/aqualand\/wp-content\/uploads\/2009\/03\/banner_sachkunde_nachweis.png\" alt=\"\" width=\"468\" height=\"60\" srcset=\"https:\/\/sateon.de\/aqualand\/wp-content\/uploads\/2009\/03\/banner_sachkunde_nachweis.png 468w, https:\/\/sateon.de\/aqualand\/wp-content\/uploads\/2009\/03\/banner_sachkunde_nachweis-200x25.png 200w\" sizes=\"auto, (max-width: 468px) 100vw, 468px\" \/><\/a><\/p>\n<ul>\n<li>\n<h4><span style=\"color: #bc6247;\"><strong>Tauchen und Urlaub (auch mit Hunden)<\/strong><\/span><\/h4>\n<\/li>\n<\/ul>\n<p>Super Tauchbasis in Bielefeld. Franky und seine Ausbilder sind super.<br \/>\n<a href=\"https:\/\/anonym.es\/?http:\/\/www.dive-box.com\/\" target=\"_&quot;blank&quot;\" rel=\"noopener noreferrer\"><img loading=\"lazy\" decoding=\"async\" class=\"aligncenter size-full wp-image-519\" title=\"Banner Dive Box\" src=\"https:\/\/sateon.de\/aqualand\/wp-content\/uploads\/2009\/03\/banner_dive_box.png\" alt=\"\" width=\"468\" height=\"60\" srcset=\"https:\/\/sateon.de\/aqualand\/wp-content\/uploads\/2009\/03\/banner_dive_box.png 468w, https:\/\/sateon.de\/aqualand\/wp-content\/uploads\/2009\/03\/banner_dive_box-200x25.png 200w\" sizes=\"auto, (max-width: 468px) 100vw, 468px\" \/><\/a><\/p>\n<p>Hier geht sowohl Urlaub als auch Tauchen (Leider nicht mehr mit Hund) . Die Verpflegung<br \/>\nin Hotel ist zwar nicht ganz preiswert aber gut. Der Bergsee brilliert mit super<br \/>\nSichtweiten, und ist entsprechend kalt.<br \/>\n<a href=\"https:\/\/anonym.es\/?https:\/\/www.hotelforelle.at\/\" target=\"_blank\" rel=\"noopener noreferrer\"><img loading=\"lazy\" decoding=\"async\" class=\"aligncenter size-full wp-image-522\" title=\"Banner Hotel Forelle\" src=\"https:\/\/sateon.de\/aqualand\/wp-content\/uploads\/2009\/03\/banner_hotel_forelle.png\" alt=\"\" width=\"468\" height=\"60\" srcset=\"https:\/\/sateon.de\/aqualand\/wp-content\/uploads\/2009\/03\/banner_hotel_forelle.png 468w, https:\/\/sateon.de\/aqualand\/wp-content\/uploads\/2009\/03\/banner_hotel_forelle-200x25.png 200w\" sizes=\"auto, (max-width: 468px) 100vw, 468px\" \/><\/a><\/p>\n<p>Hier ist auch perfektes Tauchen in Verbindung mit Urlaub angesagt. Ob das<br \/>\nallerdings auch mit Hunden geht m\u00fcsste angefragt werden.<br \/>\n<a href=\"https:\/\/anonym.es\/?https:\/\/www.schloss-fernsteinsee.at\/camping\/hotelc.htm\" target=\"_blank\" rel=\"noopener noreferrer\"><img loading=\"lazy\" decoding=\"async\" class=\"aligncenter size-full wp-image-524\" title=\"Banner Fernsteinsee\" src=\"https:\/\/sateon.de\/aqualand\/wp-content\/uploads\/2009\/03\/banner_fernsteinsee.png\" alt=\"\" width=\"468\" height=\"60\" srcset=\"https:\/\/sateon.de\/aqualand\/wp-content\/uploads\/2009\/03\/banner_fernsteinsee.png 468w, https:\/\/sateon.de\/aqualand\/wp-content\/uploads\/2009\/03\/banner_fernsteinsee-200x25.png 200w\" sizes=\"auto, (max-width: 468px) 100vw, 468px\" \/><\/a><\/p>\n<ul>\n<li>\n<h4><span style=\"color: #bc6247;\"><strong>Auto &amp; Motorrad<\/strong><\/span><\/h4>\n<\/li>\n<\/ul>\n<p>Das gr\u00f6\u00dfte marken\u00fcbergreifende Fahrzeug-Forum in deutscher Sprache!<br \/>\n<a href=\"https:\/\/anonym.es\/?https:\/\/www.motor-talk.de\" target=\"_&quot;blank&quot;\" rel=\"noopener noreferrer\"><img loading=\"lazy\" decoding=\"async\" class=\"aligncenter size-full wp-image-526\" title=\"Banner Motor-Talk\" src=\"https:\/\/sateon.de\/aqualand\/wp-content\/uploads\/2009\/03\/banner_motor_-talk.png\" alt=\"\" width=\"468\" height=\"60\" srcset=\"https:\/\/sateon.de\/aqualand\/wp-content\/uploads\/2009\/03\/banner_motor_-talk.png 468w, https:\/\/sateon.de\/aqualand\/wp-content\/uploads\/2009\/03\/banner_motor_-talk-200x25.png 200w\" sizes=\"auto, (max-width: 468px) 100vw, 468px\" \/><\/a><\/p>\n<ul>\n<li>\n<h4><span style=\"color: #bc6247;\"><strong>Banner zur Eigenwerbung<\/strong><\/span><\/h4>\n<\/li>\n<\/ul>\n<p>Hier seht ihr nun zwei Banner die, wenn ihr wollt auf eurer Seite verlinken k\u00f6nnt.<br \/>\n2 verschiedene Gr\u00f6ssen deshalb, weil auf manchen Seiten die Gr\u00f6sse 468x60px nicht \u00fcberschritten werden darf.<br \/>\nDazu kopiert ihr den untenstehenden Html-Code Schnipsel einfach in eure Webseite.<br \/>\n(Wenn Probleme oder Fragen dazu auftauchen, keine Scheu, ich helfe euch :-))<\/p>\n<p><span style=\"color: #aeb9cc;\"><strong>468x60px<\/strong><\/span><br \/>\n<a class=\"lightbox\" title=\"Banner Sateon 468x60\" href=\"https:\/\/sateon.de\/aqualand\/wp-content\/themes\/bridge\/images\/banner.jpg\"><img loading=\"lazy\" decoding=\"async\" class=\"aligncenter size-full wp-image-558\" title=\"Banner Sateon 468x60\" src=\"https:\/\/sateon.de\/aqualand\/wp-content\/uploads\/2009\/03\/banner_sateon468x60.png\" alt=\"\" width=\"468\" height=\"60\" srcset=\"https:\/\/sateon.de\/aqualand\/wp-content\/uploads\/2009\/03\/banner_sateon468x60.png 468w, https:\/\/sateon.de\/aqualand\/wp-content\/uploads\/2009\/03\/banner_sateon468x60-200x25.png 200w\" sizes=\"auto, (max-width: 468px) 100vw, 468px\" \/><\/a><\/p>\n<p><strong>HTML Code<\/strong> (zum einf\u00fcgen in eine Webseite)<br \/>\n<textarea id=\"Html Code\" style=\"background-color: #999999;\" cols=\"56\" rows=\"5\">&lt;a href=&#8220;https:\/\/www.sateon.de\/aqualand\/&#8220; target=&#8220;_blank&#8220; rel=&#8220;noopener noreferrer&#8220;&gt;&lt;img src=&#8220;https:\/\/sateon.de\/aqualand\/wp-content\/uploads\/2009\/03\/banner_sateon468x60.png&#8220; alt=&#8220;Banner SATEON 468&#215;60&#8243; title=&#8220;Banner Sateon 468\u00d760&#8243; width=&#8220;468&#8243; height=&#8220;60&#8243; border=&#8220;0&#8243;&gt;&lt;\/a&gt;<\/textarea><\/p>\n<p><strong>BB Code<\/strong> (zum einf\u00fcgen in Foren oder \u00e4hnl.)<br \/>\n<textarea id=\"Html Code\" style=\"background-color: #999999;\" cols=\"56\" rows=\"3\">[url=https:\/\/sateon.de][img]https:\/\/sateon.de\/aqualand\/wp-content\/uploads\/2009\/03\/banner_sateon468x60.png[\/img][\/url]<\/textarea><\/p>\n<p><span style=\"color: #aeb9cc;\"><strong>468x120px<\/strong><\/span><br \/>\n<a class=\"lightbox\" title=\"Banner Sateon 468x120\" href=\"https:\/\/sateon.de\/aqualand\/wp-content\/themes\/bridge\/images\/banner.jpg\"><img loading=\"lazy\" decoding=\"async\" class=\"aligncenter size-full wp-image-557\" title=\"Banner Sateon 468x120\" src=\"https:\/\/sateon.de\/aqualand\/wp-content\/uploads\/2009\/03\/banner_sateon468x120.png\" alt=\"\" width=\"468\" height=\"120\" srcset=\"https:\/\/sateon.de\/aqualand\/wp-content\/uploads\/2009\/03\/banner_sateon468x120.png 468w, https:\/\/sateon.de\/aqualand\/wp-content\/uploads\/2009\/03\/banner_sateon468x120-200x51.png 200w\" sizes=\"auto, (max-width: 468px) 100vw, 468px\" \/><\/a><\/p>\n<p><strong>HTML Code<\/strong> (zum einf\u00fcgen in eine Webseite)<br \/>\n<textarea id=\"Html Code\" style=\"background-color: #999999;\" cols=\"56\" rows=\"5\">&lt;a href=&#8220;https:\/\/www.sateon.de\/aqualand\/&#8220; target=&#8220;_blank&#8220; rel=&#8220;noopener noreferrer&#8220;&gt;&lt;img src=&#8220;https:\/\/sateon.de\/aqualand\/wp-content\/uploads\/2009\/03\/banner_sateon468x120.png&#8220; alt=&#8220;Banner SATEON 468&#215;120&#8243; title=&#8220;Banner Sateon 468\u00d7120&#8243; width=&#8220;468&#8243; height=&#8220;120&#8243; border=&#8220;0&#8243;&gt;&lt;\/a&gt;<\/textarea><\/p>\n<p><strong>BB Code<\/strong> (zum einf\u00fcgen in Foren oder \u00e4hnl.)<br \/>\n<textarea id=\"Html Code\" style=\"background-color: #999999;\" cols=\"56\" rows=\"3\">[url=https:\/\/sateon.de][img]https:\/\/sateon.de\/aqualand\/wp-content\/uploads\/2009\/03\/banner_sateon468x60.png[\/img][\/url]<\/textarea><\/p>\n<p style=\"text-align: center;\"><strong><a title=\"Home\" href=\"https:\/\/sateon.de\/aqualand\/\">Startseite <\/a> | <\/strong><strong><a title=\"Top\" href=\"https:\/\/sateon.de\/aqualand\/?page_id=460\">zur\u00fcck nach Oben<\/a><\/strong><\/p>\n<p style=\"text-align: center;\">\n","protected":false},"excerpt":{"rendered":"<p>Links Hier sind ein paar Webseiten aufgelistet deren Inhalt ich aus den verschiedensten Gr\u00fcnden interessant finde und die ich euch nicht vorenthalten m\u00f6chte. Ich habe versucht sie Themen bezogen zu sortieren. Also dann viel Spass beim surfen&#8230;. Americas Army Americas Army AAO3 official Homepage Der Tracker ( erst interessant nach Anlegen eines Spieler Accounts ) [&hellip;]<\/p>\n","protected":false},"author":1,"featured_media":0,"parent":0,"menu_order":2,"comment_status":"closed","ping_status":"closed","template":"","meta":{"footnotes":""},"class_list":["post-460","page","type-page","status-publish","hentry"],"aioseo_notices":[],"_links":{"self":[{"href":"https:\/\/sateon.de\/aqualand\/index.php?rest_route=\/wp\/v2\/pages\/460","targetHints":{"allow":["GET"]}}],"collection":[{"href":"https:\/\/sateon.de\/aqualand\/index.php?rest_route=\/wp\/v2\/pages"}],"about":[{"href":"https:\/\/sateon.de\/aqualand\/index.php?rest_route=\/wp\/v2\/types\/page"}],"author":[{"embeddable":true,"href":"https:\/\/sateon.de\/aqualand\/index.php?rest_route=\/wp\/v2\/users\/1"}],"replies":[{"embeddable":true,"href":"https:\/\/sateon.de\/aqualand\/index.php?rest_route=%2Fwp%2Fv2%2Fcomments&post=460"}],"version-history":[{"count":125,"href":"https:\/\/sateon.de\/aqualand\/index.php?rest_route=\/wp\/v2\/pages\/460\/revisions"}],"predecessor-version":[{"id":844,"href":"https:\/\/sateon.de\/aqualand\/index.php?rest_route=\/wp\/v2\/pages\/460\/revisions\/844"}],"wp:attachment":[{"href":"https:\/\/sateon.de\/aqualand\/index.php?rest_route=%2Fwp%2Fv2%2Fmedia&parent=460"}],"curies":[{"name":"wp","href":"https:\/\/api.w.org\/{rel}","templated":true}]}}